{"id":43,"date":"2012-04-28T21:02:35","date_gmt":"2012-04-28T20:02:35","guid":{"rendered":"http:\/\/www.spleisser.de\/"},"modified":"2019-03-08T10:54:03","modified_gmt":"2019-03-08T09:54:03","slug":"impressum","status":"publish","type":"page","link":"https:\/\/www.spleisser.de\/?page_id=43","title":{"rendered":"Impressum"},"content":{"rendered":"<p><strong>Angaben gem\u00e4\u00df \u00a7 5 TMG:<\/strong><\/p>\n<p>Heger Fernmeldebau GmbH<br \/>\nAm Birkenweg 20<br \/>\n39443 Sta\u00dffurt OT Gl\u00f6the<\/p>\n<p>Vertreten durch: Joachim Heger<\/p>\n<p><strong>Kontakt<\/strong><\/p>\n<table style=\"width: 249.8125px;\">\n<tbody>\n<tr>\n<td style=\"width: 80px;\">Telefon:<\/td>\n<td style=\"width: 159.8125px;\">0174.4515203<\/td>\n<\/tr>\n<tr>\n<td style=\"width: 80px;\">Telefax:<\/td>\n<td style=\"width: 159.8125px;\">039266.949290<\/td>\n<\/tr>\n<tr>\n<td style=\"width: 80px;\">E-Mail:<\/td>\n<td style=\"width: 159.8125px;\">info@spleisser.de<\/td>\n<\/tr>\n<\/tbody>\n<\/table>\n<p><strong>Registereintrag<\/strong><\/p>\n<p>Eintragung im Handelsregister.<\/p>\n<p>Registergericht: Stendal<\/p>\n<p>Registernummer: 24748<\/p>\n<p>Steuernummer:\u00a0107 \/ 111 \/ 16902<\/p>\n<p>Quelle: <a href=\"https:\/\/www.e-recht24.de\">eRecht24<\/a><\/p>\n<p><strong>Disclaimer<\/strong><\/p>\n<p><strong>Haftungsausschluss (Disclaimer)<\/strong><\/p>\n<p><strong>Haftung f\u00fcr Inhalte<\/strong><\/p>\n<p>Als Diensteanbieter sind wir gem\u00e4\u00df \u00a7 7 Abs.1 TMG f\u00fcr eigene Inhalte auf diesen Seiten nach den allgemeinen Gesetzen verantwortlich. Nach \u00a7\u00a7 8 bis 10 TMG sind wir als Diensteanbieter jedoch nicht verpflichtet, \u00fcbermittelte oder gespeicherte fremde Informationen zu \u00fcberwachen oder nach Umst\u00e4nden zu forschen, die auf eine rechtswidrige T\u00e4tigkeit hinweisen. Verpflichtungen zur Entfernung oder Sperrung der Nutzung von Informationen nach den allgemeinen Gesetzen bleiben hiervon unber\u00fchrt. Eine diesbez\u00fcgliche Haftung ist jedoch erst ab dem Zeitpunkt der Kenntnis einer konkreten Rechtsverletzung m\u00f6glich. Bei Bekanntwerden von entsprechenden Rechtsverletzungen werden wir diese Inhalte umgehend entfernen.<\/p>\n<p><strong>Haftung f\u00fcr Links<\/strong><\/p>\n<p>Unser Angebot enth\u00e4lt Links zu externen Webseiten Dritter, auf deren Inhalte wir keinen Einfluss haben. Deshalb k\u00f6nnen wir f\u00fcr diese fremden Inhalte auch keine Gew\u00e4hr \u00fcbernehmen. F\u00fcr die Inhalte der verlinkten Seiten ist stets der jeweilige Anbieter oder Betreiber der Seiten verantwortlich. Die verlinkten Seiten wurden zum Zeitpunkt der Verlinkung auf m\u00f6gliche Rechtsverst\u00f6\u00dfe \u00fcberpr\u00fcft. Rechtswidrige Inhalte waren zum Zeitpunkt der Verlinkung nicht erkennbar. Eine permanente inhaltliche Kontrolle der verlinkten Seiten ist jedoch ohne konkrete Anhaltspunkte einer Rechtsverletzung nicht zumutbar. Bei Bekanntwerden von Rechtsverletzungen werden wir derartige Links umgehend entfernen.<\/p>\n<p><strong>Urheberrecht<\/strong><\/p>\n<p>Die durch die Seitenbetreiber erstellten Inhalte und Werke auf diesen Seiten unterliegen dem deutschen Urheberrecht. Die Vervielf\u00e4ltigung, Bearbeitung, Verbreitung und jede Art der Verwertung au\u00dferhalb der Grenzen des Urheberrechtes bed\u00fcrfen der schriftlichen Zustimmung des jeweiligen Autors bzw. Erstellers. Downloads und Kopien dieser Seite sind nur f\u00fcr den privaten, nicht kommerziellen Gebrauch gestattet. Soweit die Inhalte auf dieser Seite nicht vom Betreiber erstellt wurden, werden die Urheberrechte Dritter beachtet. Insbesondere werden Inhalte Dritter als solche gekennzeichnet. Sollten Sie trotzdem auf eine Urheberrechtsverletzung aufmerksam werden, bitten wir um einen entsprechenden Hinweis. Bei Bekanntwerden von Rechtsverletzungen werden wir derartige Inhalte umgehend entfernen.<\/p>\n<p><strong>Bilder:<\/strong> \u00a9 Foto-Ruhrgebiet &#8211; Fotolia.com<\/p>\n<p><strong>Realisierung:<\/strong> <a title=\"WordPress Freelancer\" href=\"http:\/\/www.rosch-werbung.de\">rosch werbung<\/a><\/p>\n<p><strong>CMS:<\/strong> <a href=\"http:\/\/www.WordPress.org\">WordPress.org<\/a><\/p>\n","protected":false},"excerpt":{"rendered":"<p>Angaben gem\u00e4\u00df \u00a7 5 TMG: Heger Fernmeldebau GmbH Am Birkenweg 20 39443 Sta\u00dffurt OT Gl\u00f6the Vertreten durch: Joachim Heger Kontakt Telefon: 0174.4515203 Telefax: 039266.949290 E-Mail: info@spleisser.de Registereintrag Eintragung im Handelsregister. Registergericht: Stendal Registernummer: 24748 Steuernummer:\u00a0107 \/ 111 \/ 16902 Quelle: eRecht24 Disclaimer Haftungsausschluss (Disclaimer) Haftung f\u00fcr Inhalte Als Diensteanbieter sind wir gem\u00e4\u00df \u00a7 7 Abs.1 [&hellip;]<\/p>\n","protected":false},"author":11,"featured_media":0,"parent":0,"menu_order":10,"comment_status":"open","ping_status":"closed","template":"","meta":{"footnotes":""},"class_list":["post-43","page","type-page","status-publish","hentry"],"_links":{"self":[{"href":"https:\/\/www.spleisser.de\/index.php?rest_route=\/wp\/v2\/pages\/43"}],"collection":[{"href":"https:\/\/www.spleisser.de\/index.php?rest_route=\/wp\/v2\/pages"}],"about":[{"href":"https:\/\/www.spleisser.de\/index.php?rest_route=\/wp\/v2\/types\/page"}],"author":[{"embeddable":true,"href":"https:\/\/www.spleisser.de\/index.php?rest_route=\/wp\/v2\/users\/11"}],"replies":[{"embeddable":true,"href":"https:\/\/www.spleisser.de\/index.php?rest_route=%2Fwp%2Fv2%2Fcomments&post=43"}],"version-history":[{"count":23,"href":"https:\/\/www.spleisser.de\/index.php?rest_route=\/wp\/v2\/pages\/43\/revisions"}],"predecessor-version":[{"id":215,"href":"https:\/\/www.spleisser.de\/index.php?rest_route=\/wp\/v2\/pages\/43\/revisions\/215"}],"wp:attachment":[{"href":"https:\/\/www.spleisser.de\/index.php?rest_route=%2Fwp%2Fv2%2Fmedia&parent=43"}],"curies":[{"name":"wp","href":"https:\/\/api.w.org\/{rel}","templated":true}]}}